{"id":62,"date":"2025-10-16T16:46:57","date_gmt":"2025-10-16T14:46:57","guid":{"rendered":"https:\/\/adjyr-systems.com\/?page_id=62"},"modified":"2025-10-16T17:29:29","modified_gmt":"2025-10-16T15:29:29","slug":"mentions-legales","status":"publish","type":"page","link":"https:\/\/adjyr-systems.com\/index.php\/mentions-legales\/","title":{"rendered":"Mentions L\u00e9gales et politique de confidentialit\u00e9"},"content":{"rendered":"\n<p class=\"has-large-font-size\">Editeur<\/p>\n\n\n\n<p><strong>Raison sociale<\/strong> EURL ADJYR Systems<br><strong>Adresse du si\u00e8ge social<\/strong> 15 rue des Bouvreuils, 86000 Poitiers<br><strong>Adresse email<\/strong> contact@adjyr-systems.com<br><strong>SIRET<\/strong> 92889562200019<br><strong>TVA intracommunautaire<\/strong> FR68928895622<br><strong>Nom et pr\u00e9nom du responsable de la publication<\/strong> Renaud Alexis<\/p>\n\n\n\n<p class=\"has-large-font-size\">H\u00e9bergeur<\/p>\n\n\n\n<p><strong>Nom de l&#8217;h\u00e9bergeur :<\/strong> OVH<br><strong>Adresse de l&#8217;hebergeur :<\/strong> 2 rue Kellermann &#8211; 59100 Roubaix &#8211; France<\/p>\n\n\n\n<p class=\"has-large-font-size\">Contenu du site<\/p>\n\n\n\n<p>L\u2019ensemble de ce site rel\u00e8ve de la l\u00e9gislation fran\u00e7aise et internationale sur le droit d\u2019auteur et la propri\u00e9t\u00e9 intellectuelle.<\/p>\n\n\n\n<p>Toutes les marques, photographies, textes, commentaires, illustrations, images anim\u00e9es ou non, s\u00e9quences vid\u00e9o, sons, ainsi que toutes les applications informatiques qui pourraient \u00eatre utilis\u00e9es pour faire fonctionner ce site et plus g\u00e9n\u00e9ralement tous les \u00e9l\u00e9ments reproduits ou utilis\u00e9s sur le site sont prot\u00e9g\u00e9s par les lois en vigueur au titre de la propri\u00e9t\u00e9 intellectuelle.<\/p>\n\n\n\n<p>Toute reproduction totale ou partielle de ce site, sans autorisation expresse, est interdite, et constitue une contrefa\u00e7on sanctionn\u00e9e par les articles L.335-2 et suivants du code de la propri\u00e9t\u00e9 intellectuelle.<\/p>\n\n\n\n<p class=\"has-large-font-size\">Informatique et libert\u00e9s<\/p>\n\n\n\n<p>L\u2019utilisateur de ce site est inform\u00e9 que, conform\u00e9ment au R\u00e8glement (UE) 2016\/679 (RGPD) et \u00e0 la loi fran\u00e7aise n\u00b02018-493 du 20 juin 2018, les informations communiqu\u00e9es par l\u2019utilisateur du fait des formulaires pr\u00e9sents sur le site, sont n\u00e9cessaires pour r\u00e9pondre \u00e0 sa demande, et sont destin\u00e9es \u00e0 l\u2019\u00e9diteur du site, responsable du traitement, \u00e0 des fins de gestion administrative et commerciale.Pour plus d\u2019informations sur la loi Informatique et Libert\u00e9s, vous pouvez consulter le site Internet de la CNIL<\/p>\n\n\n\n<p class=\"has-large-font-size\">Collecte et traitement des donn\u00e9es personnelles<\/p>\n\n\n\n<p>Vos donn\u00e9es sont collect\u00e9es par ADJYR Systems. Toutes les informations vous concernant r\u00e9colt\u00e9es dans les formulaires disponibles sur ce site sont destin\u00e9es \u00e0 notre \u00e9tablissement. ADJYR Systems peut \u00eatre amen\u00e9 \u00e0 recueillir certaines informations relatives \u00e0 votre navigation sur notre site web. ADJYR Systems s\u2019engage \u00e0 pr\u00e9server la confidentialit\u00e9 des informations fournies en ligne. ADJYR Systems s\u2019engage \u00e0 ne pas communiquer ces adresses \u00e0 des tiers sous forme de pr\u00eat, de location, d\u2019\u00e9change ou de vente de fichier<\/p>\n\n\n\n<p class=\"has-large-font-size\">Conservation et confidentialit\u00e9 des donn\u00e9es<\/p>\n\n\n\n<p>Vos donn\u00e9es sont conserv\u00e9es pour la dur\u00e9e n\u00e9cessaire \u00e0 la r\u00e9alisation des finalit\u00e9s d\u00e9crites dans cette politique, puis supprim\u00e9es. Pour les donn\u00e9es soumises \u00e0 des obligations l\u00e9gales (ex : facturation), la dur\u00e9e de conservation est adapt\u00e9e \u00e0 ces exigences. Vos donn\u00e9es sont prot\u00e9g\u00e9es par des mesures techniques et organisationnelles, notamment le chiffrement des communications (HTTPS) et l\u2019acc\u00e8s restreint aux donn\u00e9es.<\/p>\n\n\n\n<p class=\"has-large-font-size\">Droit d\u2019acc\u00e8s, de rectification et de suppression de vos donn\u00e9es<\/p>\n\n\n\n<p>Conform\u00e9ment au R\u00e8glement (UE) 2016\/679 (RGPD) et \u00e0 la loi fran\u00e7aise n\u00b02018-493 du 20 juin 2018, vous disposez des droits suivants sur vos donn\u00e9es personnelles:<\/p>\n\n\n\n<ul class=\"wp-block-list\">\n<li>Le droit d\u2019acc\u00e8s : ils peuvent exercer leur droit d\u2019acc\u00e8s, pour conna\u00eetre les donn\u00e9es personnelles les concernant, en \u00e9crivant \u00e0 l\u2019adresse \u00e9lectronique ci-dessous mentionn\u00e9e.<\/li>\n\n\n\n<li>Le droit de rectification: si les donn\u00e9es \u00e0 caract\u00e8re personnel d\u00e9tenues par la plateforme sont inexactes, ils peuvent demander la mise \u00e0 jour des informations.<\/li>\n\n\n\n<li>Le droit de suppression des donn\u00e9es: les utilisateurs peuvent demander la suppression de leurs donn\u00e9es \u00e0 caract\u00e8re personnel, conform\u00e9ment aux lois applicables en mati\u00e8re de protection des donn\u00e9es.<\/li>\n\n\n\n<li>Le droit \u00e0 la limitation du traitement: les utilisateurs peuvent demander \u00e0 la plateforme de limiter le traitement des donn\u00e9es personnelles conform\u00e9ment aux hypoth\u00e8ses pr\u00e9vues par le RGPD<\/li>\n\n\n\n<li>Le droit de s\u2019opposer au traitement des donn\u00e9es : les utilisateurs peuvent s\u2019opposer \u00e0 ce que leurs donn\u00e9es soient trait\u00e9es conform\u00e9ment aux hypoth\u00e8ses pr\u00e9vues par le RGPD.<\/li>\n<\/ul>\n\n\n\n<p>Droit de r\u00e9ponse par courrier \u00e0 :<\/p>\n\n\n\n<p>ADJYR Systems<br>15 rue des Bouvreuils<br>86000 Poitiers<\/p>\n\n\n\n<p>Ou par email \u00e0 contact@adjyr-systems.com<\/p>\n\n\n\n<p class=\"has-large-font-size\">Utilisation des Cookies<\/p>\n\n\n\n<p>Ce site utilise uniquement des cookies techniques strictement n\u00e9cessaires \u00e0 son fonctionnement. Aucun cookie de tracking tiers n\u2019est d\u00e9pos\u00e9.<\/p>\n","protected":false},"excerpt":{"rendered":"<p>Editeur Raison sociale EURL ADJYR SystemsAdresse du si\u00e8ge social 15 rue des Bouvreuils, 86000 PoitiersAdresse email contact@adjyr-systems.comSIRET 92889562200019TVA intracommunautaire FR68928895622Nom et pr\u00e9nom du responsable de la publication Renaud Alexis H\u00e9bergeur Nom de l&#8217;h\u00e9bergeur : OVHAdresse de l&#8217;hebergeur : 2 rue Kellermann &#8211; 59100 Roubaix &#8211; France Contenu du site L\u2019ensemble de ce site rel\u00e8ve de &hellip; <\/p>\n<p class=\"link-more\"><a href=\"https:\/\/adjyr-systems.com\/index.php\/mentions-legales\/\" class=\"more-link\">Read more<span class=\"screen-reader-text\"> &#8220;Mentions L\u00e9gales et politique de confidentialit\u00e9&#8221;<\/span><\/a><\/p>\n","protected":false},"author":1,"featured_media":0,"parent":0,"menu_order":0,"comment_status":"closed","ping_status":"closed","template":"","meta":{"footnotes":""},"class_list":["post-62","page","type-page","status-publish","hentry"],"_links":{"self":[{"href":"https:\/\/adjyr-systems.com\/index.php\/wp-json\/wp\/v2\/pages\/62","targetHints":{"allow":["GET"]}}],"collection":[{"href":"https:\/\/adjyr-systems.com\/index.php\/wp-json\/wp\/v2\/pages"}],"about":[{"href":"https:\/\/adjyr-systems.com\/index.php\/wp-json\/wp\/v2\/types\/page"}],"author":[{"embeddable":true,"href":"https:\/\/adjyr-systems.com\/index.php\/wp-json\/wp\/v2\/users\/1"}],"replies":[{"embeddable":true,"href":"https:\/\/adjyr-systems.com\/index.php\/wp-json\/wp\/v2\/comments?post=62"}],"version-history":[{"count":8,"href":"https:\/\/adjyr-systems.com\/index.php\/wp-json\/wp\/v2\/pages\/62\/revisions"}],"predecessor-version":[{"id":79,"href":"https:\/\/adjyr-systems.com\/index.php\/wp-json\/wp\/v2\/pages\/62\/revisions\/79"}],"wp:attachment":[{"href":"https:\/\/adjyr-systems.com\/index.php\/wp-json\/wp\/v2\/media?parent=62"}],"curies":[{"name":"wp","href":"https:\/\/api.w.org\/{rel}","templated":true}]}}