{"id":51,"date":"2025-03-12T10:53:53","date_gmt":"2025-03-12T09:53:53","guid":{"rendered":"https:\/\/adjyr-systems.com\/?page_id=51"},"modified":"2026-02-12T11:35:27","modified_gmt":"2026-02-12T10:35:27","slug":"fr-homepage_fr","status":"publish","type":"page","link":"https:\/\/adjyr-systems.com\/index.php\/fr-homepage_fr\/","title":{"rendered":"ADJYR Systems (FR)"},"content":{"rendered":"\n<div class=\"wp-block-columns is-layout-flex wp-container-core-columns-is-layout-28f84493 wp-block-columns-is-layout-flex\">\n<div class=\"wp-block-column is-layout-flow wp-block-column-is-layout-flow\" style=\"flex-basis:33.33%\">\n<figure class=\"wp-block-image aligncenter size-full\"><img loading=\"lazy\" decoding=\"async\" width=\"760\" height=\"760\" src=\"http:\/\/adjyr-systems.com\/wp-content\/uploads\/2025\/11\/Service-key-jobs.png\" alt=\"\" class=\"wp-image-88\" srcset=\"https:\/\/adjyr-systems.com\/wp-content\/uploads\/2025\/11\/Service-key-jobs.png 760w, https:\/\/adjyr-systems.com\/wp-content\/uploads\/2025\/11\/Service-key-jobs-300x300.png 300w, https:\/\/adjyr-systems.com\/wp-content\/uploads\/2025\/11\/Service-key-jobs-150x150.png 150w\" sizes=\"auto, (max-width: 760px) 100vw, 760px\" \/><\/figure>\n<\/div>\n\n\n\n<div class=\"wp-block-column is-layout-flow wp-block-column-is-layout-flow\" style=\"flex-basis:66.66%\">\n<div class=\"wp-block-group has-global-padding is-layout-constrained wp-block-group-is-layout-constrained\">\n<h1 class=\"wp-block-heading has-text-align-center has-medium-font-size\" style=\"text-transform:uppercase\">Nos Services<\/h1>\n\n\n\n<p><strong>Des solutions d&#8217;ing\u00e9nierie innovantes, du concept \u00e0 la r\u00e9alit\u00e9<\/strong><\/p>\n\n\n\n<p>Nous nous sp\u00e9cialisons dans la transformation de vos id\u00e9es en produits <strong>hautes performances et fiables<\/strong>. Forts d&#8217;une solide expertise en ing\u00e9nierie \u00e9lectronique, m\u00e9canique et logiciel, nous proposons une gamme compl\u00e8te de services pour donner vie \u00e0 vos projets :<\/p>\n\n\n\n<ul class=\"wp-block-list\">\n<li><strong>Conception et ing\u00e9nierie de cartes \u00e9lectroniques (PCB)<\/strong> : Des circuits personnalis\u00e9s, con\u00e7us selon vos sp\u00e9cifications, garantissant une performance optimale, une fabrication simplifi\u00e9e et des co\u00fbts ma\u00eetris\u00e9s.<\/li>\n\n\n\n<li><strong>D\u00e9veloppement de logiciels et micrologiciels (firmware)<\/strong> : Des solutions robustes et efficaces pour les syst\u00e8mes embarqu\u00e9s, l\u2019IoT et l\u2019automatisation.<\/li>\n\n\n\n<li><strong>Conception en logique programmable (FPGA, CPLD)<\/strong> : Application \u00e0 haute fr\u00e9quence, impl\u00e9mentation flexible et modulable.<\/li>\n\n\n\n<li><strong>Int\u00e9gration m\u00e9canique<\/strong> : Une collaboration fluide entre la conception \u00e9lectronique et m\u00e9canique, pour des produits \u00e0 la fois fonctionnels et durables.<\/li>\n\n\n\n<li><strong>Impression 3D pour prototypage<\/strong>: Verification du concept rapide avant la mise en production.<\/li>\n<\/ul>\n\n\n\n<p>Notre \u00e9quipe allie <strong>plus de 10 ans d\u2019expertise en d\u00e9veloppement de produits<\/strong> a une passion pour l\u2019innovation. Que vous ayez besoin d\u2019un syst\u00e8me \u00e9lectronique autonome, d\u2019un produit \u00e9lectrom\u00e9canique enti\u00e8rement int\u00e9gr\u00e9 ou d\u2019un logiciel sur mesure, nous sommes l\u00e0 pour le r\u00e9aliser.<\/p>\n\n\n\n<p>Notre \u00e9quipe est bilingue et peut communiquer <strong>en Fran\u00e7ais et en Anglais<\/strong>.<\/p>\n\n\n\n<p><a href=\"#\" target=\"_blank\" rel=\"noreferrer noopener\">Contactez-nous<\/a> pour une consultation gratuite et discuter de la mani\u00e8re dont nous pouvons transformer votre id\u00e9e en r\u00e9alit\u00e9.<\/p>\n\n\n\n<div class=\"wp-block-buttons is-layout-flex wp-block-buttons-is-layout-flex\">\n<div class=\"wp-block-button\"><a class=\"wp-block-button__link wp-element-button\" href=\"https:\/\/adjyr-systems.com\/index.php\/contact\/\">Contactez nous<\/a><\/div>\n<\/div>\n<\/div>\n<\/div>\n<\/div>\n\n\n\n<figure class=\"wp-block-gallery has-nested-images columns-default is-cropped wp-block-gallery-1 is-layout-flex wp-block-gallery-is-layout-flex\">\n<figure class=\"wp-block-image size-large\"><img loading=\"lazy\" decoding=\"async\" width=\"1024\" height=\"603\" data-id=\"115\" src=\"https:\/\/adjyr-systems.com\/wp-content\/uploads\/2025\/11\/PCB-3D-model-example-1-1024x603.png\" alt=\"\" class=\"wp-image-115\" srcset=\"https:\/\/adjyr-systems.com\/wp-content\/uploads\/2025\/11\/PCB-3D-model-example-1-1024x603.png 1024w, https:\/\/adjyr-systems.com\/wp-content\/uploads\/2025\/11\/PCB-3D-model-example-1-300x177.png 300w, https:\/\/adjyr-systems.com\/wp-content\/uploads\/2025\/11\/PCB-3D-model-example-1.png 1081w\" sizes=\"auto, (max-width: 1024px) 100vw, 1024px\" \/><figcaption class=\"wp-element-caption\">Example de rendu 3D d&#8217;un PCB<\/figcaption><\/figure>\n\n\n\n<figure class=\"wp-block-image size-full\"><img loading=\"lazy\" decoding=\"async\" width=\"788\" height=\"550\" data-id=\"119\" src=\"http:\/\/adjyr-systems.com\/wp-content\/uploads\/2025\/11\/PCB-schematic-example-2.png\" alt=\"\" class=\"wp-image-119\" srcset=\"https:\/\/adjyr-systems.com\/wp-content\/uploads\/2025\/11\/PCB-schematic-example-2.png 788w, https:\/\/adjyr-systems.com\/wp-content\/uploads\/2025\/11\/PCB-schematic-example-2-300x209.png 300w\" sizes=\"auto, (max-width: 788px) 100vw, 788px\" \/><figcaption class=\"wp-element-caption\">Example de sch\u00e9ma \u00e9lectronique<\/figcaption><\/figure>\n\n\n\n<figure class=\"wp-block-image size-large\"><img loading=\"lazy\" decoding=\"async\" width=\"1024\" height=\"653\" data-id=\"117\" src=\"https:\/\/adjyr-systems.com\/wp-content\/uploads\/2025\/11\/PCB-Layout-example-1-1024x653.png\" alt=\"\" class=\"wp-image-117\" srcset=\"https:\/\/adjyr-systems.com\/wp-content\/uploads\/2025\/11\/PCB-Layout-example-1-1024x653.png 1024w, https:\/\/adjyr-systems.com\/wp-content\/uploads\/2025\/11\/PCB-Layout-example-1-300x191.png 300w, https:\/\/adjyr-systems.com\/wp-content\/uploads\/2025\/11\/PCB-Layout-example-1.png 1282w\" sizes=\"auto, (max-width: 1024px) 100vw, 1024px\" \/><figcaption class=\"wp-element-caption\">Example de routage de PCB<\/figcaption><\/figure>\n<figcaption class=\"blocks-gallery-caption wp-element-caption\"><strong>NOS REALISATIONS<\/strong><\/figcaption><\/figure>\n\n\n\n<p><\/p>\n","protected":false},"excerpt":{"rendered":"<p>Nos Services Des solutions d&#8217;ing\u00e9nierie innovantes, du concept \u00e0 la r\u00e9alit\u00e9 Nous nous sp\u00e9cialisons dans la transformation de vos id\u00e9es en produits hautes performances et fiables. Forts d&#8217;une solide expertise en ing\u00e9nierie \u00e9lectronique, m\u00e9canique et logiciel, nous proposons une gamme compl\u00e8te de services pour donner vie \u00e0 vos projets : Notre \u00e9quipe allie plus de &hellip; <\/p>\n<p class=\"link-more\"><a href=\"https:\/\/adjyr-systems.com\/index.php\/fr-homepage_fr\/\" class=\"more-link\">Read more<span class=\"screen-reader-text\"> &#8220;ADJYR Systems (FR)&#8221;<\/span><\/a><\/p>\n","protected":false},"author":1,"featured_media":0,"parent":0,"menu_order":0,"comment_status":"closed","ping_status":"closed","template":"","meta":{"footnotes":""},"class_list":["post-51","page","type-page","status-publish","hentry"],"_links":{"self":[{"href":"https:\/\/adjyr-systems.com\/index.php\/wp-json\/wp\/v2\/pages\/51","targetHints":{"allow":["GET"]}}],"collection":[{"href":"https:\/\/adjyr-systems.com\/index.php\/wp-json\/wp\/v2\/pages"}],"about":[{"href":"https:\/\/adjyr-systems.com\/index.php\/wp-json\/wp\/v2\/types\/page"}],"author":[{"embeddable":true,"href":"https:\/\/adjyr-systems.com\/index.php\/wp-json\/wp\/v2\/users\/1"}],"replies":[{"embeddable":true,"href":"https:\/\/adjyr-systems.com\/index.php\/wp-json\/wp\/v2\/comments?post=51"}],"version-history":[{"count":12,"href":"https:\/\/adjyr-systems.com\/index.php\/wp-json\/wp\/v2\/pages\/51\/revisions"}],"predecessor-version":[{"id":153,"href":"https:\/\/adjyr-systems.com\/index.php\/wp-json\/wp\/v2\/pages\/51\/revisions\/153"}],"wp:attachment":[{"href":"https:\/\/adjyr-systems.com\/index.php\/wp-json\/wp\/v2\/media?parent=51"}],"curies":[{"name":"wp","href":"https:\/\/api.w.org\/{rel}","templated":true}]}}